{"id":35,"date":"2024-03-27T09:58:52","date_gmt":"2024-03-27T09:58:52","guid":{"rendered":"https:\/\/katja.raikee.fi\/?page_id=35"},"modified":"2024-05-02T18:44:03","modified_gmt":"2024-05-02T18:44:03","slug":"35-2","status":"publish","type":"page","link":"https:\/\/katja.raikee.fi\/","title":{"rendered":""},"content":{"rendered":"<p>[et_pb_section fb_built=&#8221;1&#8243; _builder_version=&#8221;4.24.3&#8243; _module_preset=&#8221;default&#8221; background_image=&#8221;https:\/\/katja.raikee.fi\/wp-content\/uploads\/2024\/04\/blogi_kansikuva.jpg&#8221; background_position=&#8221;top_center&#8221; custom_padding=&#8221;57px||1px||false|false&#8221; background_last_edited=&#8221;on|desktop&#8221; global_colors_info=&#8221;{}&#8221;][et_pb_row custom_padding_last_edited=&#8221;on|desktop&#8221; _builder_version=&#8221;4.24.3&#8243; _module_preset=&#8221;default&#8221; module_alignment=&#8221;center&#8221; custom_padding=&#8221;0px|0px|782px|0px|false|false&#8221; custom_padding_tablet=&#8221;0px|0px|0px||false|false&#8221; custom_padding_phone=&#8221;||36px|0px|false|false&#8221; module_alignment_tablet=&#8221;center&#8221; module_alignment_phone=&#8221;center&#8221; module_alignment_last_edited=&#8221;on|phone&#8221; global_colors_info=&#8221;{}&#8221;][et_pb_column type=&#8221;4_4&#8243; _builder_version=&#8221;4.24.3&#8243; _module_preset=&#8221;default&#8221; global_colors_info=&#8221;{}&#8221;][et_pb_image src=&#8221;https:\/\/katja.raikee.fi\/wp-content\/uploads\/2024\/04\/raikeelogo_pelkkateksti_pinkki-01.png&#8221; title_text=&#8221;raikeelogo_pelkkateksti_pinkki-01&#8243; align=&#8221;center&#8221; align_last_edited=&#8221;off|desktop&#8221; _builder_version=&#8221;4.24.3&#8243; _module_preset=&#8221;default&#8221; transform_scale=&#8221;152%|152%&#8221; width_last_edited=&#8221;off|desktop&#8221; max_width=&#8221;224px&#8221; max_width_tablet=&#8221;224px&#8221; max_width_phone=&#8221;120px&#8221; max_width_last_edited=&#8221;on|phone&#8221; module_alignment=&#8221;center&#8221; custom_margin=&#8221;0px|0px||0px|false|false&#8221; custom_padding=&#8221;0px|0px||0px|false|false&#8221; module_alignment_tablet=&#8221;center&#8221; module_alignment_phone=&#8221;center&#8221; module_alignment_last_edited=&#8221;on|phone&#8221; global_colors_info=&#8221;{}&#8221;][\/et_pb_image][et_pb_text _builder_version=&#8221;4.25.0&#8243; _module_preset=&#8221;default&#8221; header_font=&#8221;Satisfy||||||||&#8221; header_text_align=&#8221;center&#8221; header_text_color=&#8221;#107219&#8243; header_font_size=&#8221;100px&#8221; max_width_phone=&#8221;87%&#8221; max_width_last_edited=&#8221;off|phone&#8221; custom_margin=&#8221;8px|1px|18px|0px|false|false&#8221; custom_margin_tablet=&#8221;84px||||false|false&#8221; custom_margin_phone=&#8221;8px|36px|9px||false|false&#8221; custom_margin_last_edited=&#8221;on|phone&#8221; custom_padding=&#8221;21px|0px|139px|0px|false|false&#8221; custom_padding_tablet=&#8221;|26px||0px|false|false&#8221; custom_padding_phone=&#8221;39px|0px|0px||false|false&#8221; custom_padding_last_edited=&#8221;on|desktop&#8221; header_text_align_tablet=&#8221;center&#8221; header_text_align_phone=&#8221;center&#8221; header_text_align_last_edited=&#8221;on|phone&#8221; header_font_size_tablet=&#8221;52px&#8221; header_font_size_phone=&#8221;38px&#8221; header_font_size_last_edited=&#8221;on|tablet&#8221; header_letter_spacing_phone=&#8221;0px&#8221; header_letter_spacing_last_edited=&#8221;off|phone&#8221; header_text_shadow_style=&#8221;preset1&#8243; header_text_shadow_horizontal_length=&#8221;0.05em&#8221; header_text_shadow_vertical_length=&#8221;0em&#8221; header_text_shadow_blur_strength=&#8221;0.2em&#8221; header_text_shadow_color=&#8221;#FFFFFF&#8221; global_colors_info=&#8221;{}&#8221;]<\/p>\n<h1>El\u00e4m\u00e4\u00e4 tuuli&shy;tunnelissa<\/h1>\n<p>[\/et_pb_text][\/et_pb_column][\/et_pb_row][\/et_pb_section][et_pb_section fb_built=&#8221;1&#8243; _builder_version=&#8221;4.24.2&#8243; _module_preset=&#8221;default&#8221; background_enable_color=&#8221;off&#8221; custom_padding=&#8221;||||false|false&#8221; global_colors_info=&#8221;{}&#8221;][et_pb_row custom_padding_last_edited=&#8221;off|desktop&#8221; _builder_version=&#8221;4.24.2&#8243; _module_preset=&#8221;default&#8221; background_color=&#8221;#FFFFFF&#8221; max_width=&#8221;842px&#8221; module_alignment=&#8221;center&#8221; custom_padding=&#8221;|2vh||2vh|false|true&#8221; border_width_all=&#8221;2px&#8221; border_color_all=&#8221;#e10e82&#8243; box_shadow_style=&#8221;preset1&#8243; box_shadow_blur=&#8221;27px&#8221; box_shadow_spread=&#8221;-7px&#8221; box_shadow_color=&#8221;#E10E82&#8243; box_shadow_position_tablet=&#8221;&#8221; box_shadow_position_phone=&#8221;&#8221; box_shadow_position_last_edited=&#8221;on|phone&#8221; global_colors_info=&#8221;{}&#8221;][et_pb_column type=&#8221;4_4&#8243; _builder_version=&#8221;4.24.2&#8243; _module_preset=&#8221;default&#8221; global_colors_info=&#8221;{}&#8221;][et_pb_team_member name=&#8221;Katja &#8221; image_url=&#8221;https:\/\/katja.raikee.fi\/wp-content\/uploads\/2024\/05\/20240502_213912.jpeg&#8221; _builder_version=&#8221;4.25.0&#8243; _module_preset=&#8221;default&#8221; header_font=&#8221;Zilla Slab||||||||&#8221; header_text_color=&#8221;#e10e82&#8243; header_font_size=&#8221;53px&#8221; header_line_height=&#8221;2.7em&#8221; body_font=&#8221;Zilla Slab||||||||&#8221; text_orientation=&#8221;center&#8221; hover_enabled=&#8221;0&#8243; border_radii_image=&#8221;off|1316px|144px|1316px|1508px&#8221; border_width_all_image=&#8221;5px&#8221; border_color_all_image=&#8221;#f9deee&#8221; global_colors_info=&#8221;{}&#8221; title_text=&#8221;20240502_213912&#8243; sticky_enabled=&#8221;0&#8243;]<\/p>\n<p>Olen viisikymppinen, uusien alkujen iloinen ammattilainen. Kirjoitan t\u00e4ss\u00e4 blogissa tuulitunnelissani p\u00f6rr\u00e4\u00e4vist\u00e4 aiheista eli juttuja laidasta laitaan.<\/p>\n<p>Mottoni:<\/p>\n<p>El\u00e4m\u00e4ss\u00e4 t\u00e4ytyy olla riitt\u00e4v\u00e4n rohkea uskaltaakseen, reippaan utelias oppiakseen ja yksinkertaisesti, sopivasti hullu selvit\u00e4kseen.<\/p>\n<p>[\/et_pb_team_member][\/et_pb_column][\/et_pb_row][\/et_pb_section][et_pb_section fb_built=&#8221;1&#8243; _builder_version=&#8221;4.24.2&#8243; _module_preset=&#8221;default&#8221; global_colors_info=&#8221;{}&#8221;][et_pb_row _builder_version=&#8221;4.24.2&#8243; _module_preset=&#8221;default&#8221; global_colors_info=&#8221;{}&#8221;][et_pb_column type=&#8221;4_4&#8243; _builder_version=&#8221;4.24.2&#8243; _module_preset=&#8221;default&#8221; global_colors_info=&#8221;{}&#8221;][et_pb_blog fullwidth=&#8221;off&#8221; show_author=&#8221;off&#8221; show_categories=&#8221;off&#8221; _builder_version=&#8221;4.25.0&#8243; _module_preset=&#8221;default&#8221; header_font=&#8221;Zilla Slab|700|||||||&#8221; header_text_align=&#8221;center&#8221; header_text_color=&#8221;#e10e82&#8243; header_font_size=&#8221;30px&#8221; body_font=&#8221;Zilla Slab||||||||&#8221; body_text_align=&#8221;left&#8221; meta_font=&#8221;Zilla Slab|600|||||||&#8221; meta_text_align=&#8221;left&#8221; text_orientation=&#8221;left&#8221; header_font_size_tablet=&#8221;30px&#8221; header_font_size_phone=&#8221;28px&#8221; header_font_size_last_edited=&#8221;on|phone&#8221; border_style_all=&#8221;groove&#8221; border_style_all_image=&#8221;groove&#8221; box_shadow_style=&#8221;preset1&#8243; box_shadow_color=&#8221;#e10e82&#8243; global_colors_info=&#8221;{}&#8221;][\/et_pb_blog][\/et_pb_column][\/et_pb_row][\/et_pb_section]<\/p>\n","protected":false},"excerpt":{"rendered":"<p>El\u00e4m\u00e4\u00e4 tuuli&shy;tunnelissaOlen viisikymppinen, uusien alkujen iloinen ammattilainen. Kirjoitan t\u00e4ss\u00e4 blogissa tuulitunnelissani p\u00f6rr\u00e4\u00e4vist\u00e4 aiheista eli juttuja laidasta laitaan. Mottoni: El\u00e4m\u00e4ss\u00e4 t\u00e4ytyy olla riitt\u00e4v\u00e4n rohkea uskaltaakseen, reippaan utelias oppiakseen ja yksinkertaisesti, sopivasti hullu selvit\u00e4kseen.<\/p>\n","protected":false},"author":2,"featured_media":76,"parent":0,"menu_order":0,"comment_status":"closed","ping_status":"closed","template":"","meta":{"_et_pb_use_builder":"on","_et_pb_old_content":"","_et_gb_content_width":"","footnotes":""},"class_list":["post-35","page","type-page","status-publish","has-post-thumbnail","hentry"],"_links":{"self":[{"href":"https:\/\/katja.raikee.fi\/index.php?rest_route=\/wp\/v2\/pages\/35","targetHints":{"allow":["GET"]}}],"collection":[{"href":"https:\/\/katja.raikee.fi\/index.php?rest_route=\/wp\/v2\/pages"}],"about":[{"href":"https:\/\/katja.raikee.fi\/index.php?rest_route=\/wp\/v2\/types\/page"}],"author":[{"embeddable":true,"href":"https:\/\/katja.raikee.fi\/index.php?rest_route=\/wp\/v2\/users\/2"}],"replies":[{"embeddable":true,"href":"https:\/\/katja.raikee.fi\/index.php?rest_route=%2Fwp%2Fv2%2Fcomments&post=35"}],"version-history":[{"count":43,"href":"https:\/\/katja.raikee.fi\/index.php?rest_route=\/wp\/v2\/pages\/35\/revisions"}],"predecessor-version":[{"id":209,"href":"https:\/\/katja.raikee.fi\/index.php?rest_route=\/wp\/v2\/pages\/35\/revisions\/209"}],"wp:featuredmedia":[{"embeddable":true,"href":"https:\/\/katja.raikee.fi\/index.php?rest_route=\/wp\/v2\/media\/76"}],"wp:attachment":[{"href":"https:\/\/katja.raikee.fi\/index.php?rest_route=%2Fwp%2Fv2%2Fmedia&parent=35"}],"curies":[{"name":"wp","href":"https:\/\/api.w.org\/{rel}","templated":true}]}}